{"id":879,"date":"2020-07-16T19:26:03","date_gmt":"2020-07-16T19:26:03","guid":{"rendered":"https:\/\/lindathomas.org\/?page_id=879"},"modified":"2021-05-07T10:13:17","modified_gmt":"2021-05-07T10:13:17","slug":"astratto","status":"publish","type":"page","link":"https:\/\/schmetterling.lindathomas.org\/it\/astratto\/","title":{"rendered":"Blog"},"content":{"rendered":"<div class=\"fusion-fullwidth fullwidth-box fusion-builder-row-1 fusion-flex-container nonhundred-percent-fullwidth non-hundred-percent-height-scrolling\" style=\"background-color: rgba(255,255,255,0);background-position: center center;background-repeat: no-repeat;border-width: 0px 0px 0px 0px;border-color:#e2e2e2;border-style:solid;\" ><div class=\"fusion-builder-row fusion-row fusion-flex-align-items-flex-start\" style=\"max-width:93.6%;margin-left: calc(-4% \/ 2 );margin-right: calc(-4% \/ 2 );\"><div class=\"fusion-layout-column fusion_builder_column fusion-builder-column-0 fusion_builder_column_1_1 1_1 fusion-flex-column\"><div class=\"fusion-column-wrapper fusion-flex-justify-content-flex-start fusion-content-layout-column\" style=\"background-position:left top;background-repeat:no-repeat;-webkit-background-size:cover;-moz-background-size:cover;-o-background-size:cover;background-size:cover;padding: 0px 0px 0px 0px;\"><div class=\"fusion-blog-shortcode fusion-blog-shortcode-1 fusion-blog-archive fusion-blog-layout-medium fusion-blog-pagination\"><div class=\"fusion-posts-container fusion-posts-container-pagination fusion-no-meta-info fusion-blog-rollover\" data-pages=\"1\"><article id=\"blog-1-post-1142\" class=\"fusion-post-medium post-1142 post type-post status-publish format-standard has-post-thumbnail hentry category-non-categorizzato\">\n\t<style type=\"text\/css\">\n\t\t\n\t\t\n\t\t\n\t\t\n\t\t\t<\/style>\n\n\n\t\t\t<div class=\"fusion-flexslider flexslider fusion-flexslider-loading fusion-post-slideshow\" style=\"\">\n\t\t<ul class=\"slides\">\n\t\t\t\n\t\t\t\t\t\t\t\t\t\t\t\t\t\t<li>\n\n<div  class=\"fusion-image-wrapper fusion-image-size-fixed\" aria-haspopup=\"true\">\n\t\n\t\n\t\n\t\t\n\t\t\t\t\t<img width=\"320\" height=\"202\" src=\"https:\/\/schmetterling.lindathomas.org\/wp-content\/uploads\/2020\/07\/3-320x202.png\" class=\"attachment-blog-medium size-blog-medium wp-post-image\" alt=\"\" srcset=\"https:\/\/schmetterling.lindathomas.org\/wp-content\/uploads\/2020\/07\/3-320x202.png 320w, https:\/\/schmetterling.lindathomas.org\/wp-content\/uploads\/2020\/07\/3-700x441.png 700w\" sizes=\"(max-width: 320px) 100vw, 320px\" \/>\n\t\n\n\t\t<div class=\"fusion-rollover\">\n\t<div class=\"fusion-rollover-content\">\n\n\t\t\t\t\t\t\t\t\t\t\t\t\t\t<a class=\"fusion-rollover-link\" href=\"https:\/\/schmetterling.lindathomas.org\/it\/non-categorizzato\/destare-bellezza\/\">Destare bellezza<\/a>\n\t\t\t\n\t\t\t\t\t\t\t\t\t\t\t\t\t\t\n\t\t\t\t\t\t\t\t\n\t\t\t\t\t\t\t\t\t\t\t\t\t<div class=\"fusion-rollover-sep\"><\/div>\n\t\t\t\t\n\t\t\t\t\t\t\t\t\t\t\t\t\t\t\t\t\t\t<a class=\"fusion-rollover-gallery\" href=\"https:\/\/schmetterling.lindathomas.org\/wp-content\/uploads\/2020\/07\/3.png\" data-id=\"1142\" data-rel=\"iLightbox[gallery]\" data-title=\"3\" data-caption=\"\">\n\t\t\t\t\t\tGallery\t\t\t\t\t<\/a>\n\t\t\t\t\t\t\t\t\t\t\t\t\t\t\n\t\t\n\t\t\t\t\t\t\t\t\t\t\t\t<h4 class=\"fusion-rollover-title\">\n\t\t\t\t\t<a class=\"fusion-rollover-title-link\" href=\"https:\/\/schmetterling.lindathomas.org\/it\/non-categorizzato\/destare-bellezza\/\">\n\t\t\t\t\t\tDestare bellezza\t\t\t\t\t<\/a>\n\t\t\t\t<\/h4>\n\t\t\t\n\t\t\t\t\t\t\t\t\t\t<div class=\"fusion-rollover-categories\"><a href=\"https:\/\/schmetterling.lindathomas.org\/it\/category\/non-categorizzato\/\" rel=\"tag\">Non categorizzato<\/a><\/div>\t\t\t\t\t\n\t\t\n\t\t\t\t\t\t<a class=\"fusion-link-wrapper\" href=\"https:\/\/schmetterling.lindathomas.org\/it\/non-categorizzato\/destare-bellezza\/\" aria-label=\"Destare bellezza\"><\/a>\n\t<\/div>\n<\/div>\n\n\t\n<\/div>\n<\/li>\n\t\t\t\n\t\t\t\n\t\t\t\t\t\t\t\t\t\t\t\t\t\t\t\t\t\t\t\t\t\t\t\t\t\t\t\t\t\t\t\t\t\t\t\t\t\t\t\t\t\t\t\t\t\t\t\t\t\t\t\t\t\t\t\t\t\t\t\t\t\t\t\t\t\t\t\t<\/ul>\n\t<\/div>\n\t<div class=\"fusion-post-content post-content\"><h2 class=\"blog-shortcode-post-title entry-title\"><a href=\"https:\/\/schmetterling.lindathomas.org\/it\/non-categorizzato\/destare-bellezza\/\">Destare bellezza<\/a><\/h2><div class=\"fusion-post-content-container\"><p> Destare bellezza Anni fa ebbi un\u2019esperienza che mi ha impressionato profondamente e mi ha dato la prova definitiva di quanto possa essere importante la pulizia come base sociale e pedagogica. Questa esperienza mi mostr\u00f2 anche che non dovremmo mai sottovalutare il significato della cura amorevole, e che grazie a questa possiamo creare veramente spazio per qualcosa di nuovo. Sono momenti preziosi in cui possiamo lavorare in modo creativo e ci \u00e8 concesso dare un contributo al rinnovamento e alla pace. Ecco la vicenda: mi venne chiesto di fare le pulizie a fondo nell\u2019intero edificio abitativo di un riformatorio per<\/p><\/div><\/div><div class=\"fusion-clearfix\"><\/div><\/article>\n<article id=\"blog-1-post-1134\" class=\"fusion-post-medium post-1134 post type-post status-publish format-standard has-post-thumbnail hentry category-non-categorizzato\">\n\t<style type=\"text\/css\">\n\t\t\n\t\t\n\t\t\n\t\t\n\t\t\t<\/style>\n\n\n\t\t\t<div class=\"fusion-flexslider flexslider fusion-flexslider-loading fusion-post-slideshow\" style=\"\">\n\t\t<ul class=\"slides\">\n\t\t\t\n\t\t\t\t\t\t\t\t\t\t\t\t\t\t<li>\n\n<div  class=\"fusion-image-wrapper fusion-image-size-fixed\" aria-haspopup=\"true\">\n\t\n\t\n\t\n\t\t\n\t\t\t\t\t<img width=\"320\" height=\"202\" src=\"https:\/\/schmetterling.lindathomas.org\/wp-content\/uploads\/2020\/07\/4-2-320x202.png\" class=\"attachment-blog-medium size-blog-medium wp-post-image\" alt=\"\" srcset=\"https:\/\/schmetterling.lindathomas.org\/wp-content\/uploads\/2020\/07\/4-2-320x202.png 320w, https:\/\/schmetterling.lindathomas.org\/wp-content\/uploads\/2020\/07\/4-2-700x441.png 700w\" sizes=\"(max-width: 320px) 100vw, 320px\" \/>\n\t\n\n\t\t<div class=\"fusion-rollover\">\n\t<div class=\"fusion-rollover-content\">\n\n\t\t\t\t\t\t\t\t\t\t\t\t\t\t<a class=\"fusion-rollover-link\" href=\"https:\/\/schmetterling.lindathomas.org\/it\/non-categorizzato\/pulire-e-curare\/\">Pulire e curare<\/a>\n\t\t\t\n\t\t\t\t\t\t\t\t\t\t\t\t\t\t\n\t\t\t\t\t\t\t\t\n\t\t\t\t\t\t\t\t\t\t\t\t\t<div class=\"fusion-rollover-sep\"><\/div>\n\t\t\t\t\n\t\t\t\t\t\t\t\t\t\t\t\t\t\t\t\t\t\t<a class=\"fusion-rollover-gallery\" href=\"https:\/\/schmetterling.lindathomas.org\/wp-content\/uploads\/2020\/07\/4-2.png\" data-id=\"1134\" data-rel=\"iLightbox[gallery]\" data-title=\"4-2\" data-caption=\"\">\n\t\t\t\t\t\tGallery\t\t\t\t\t<\/a>\n\t\t\t\t\t\t\t\t\t\t\t\t\t\t\n\t\t\n\t\t\t\t\t\t\t\t\t\t\t\t<h4 class=\"fusion-rollover-title\">\n\t\t\t\t\t<a class=\"fusion-rollover-title-link\" href=\"https:\/\/schmetterling.lindathomas.org\/it\/non-categorizzato\/pulire-e-curare\/\">\n\t\t\t\t\t\tPulire e curare\t\t\t\t\t<\/a>\n\t\t\t\t<\/h4>\n\t\t\t\n\t\t\t\t\t\t\t\t\t\t<div class=\"fusion-rollover-categories\"><a href=\"https:\/\/schmetterling.lindathomas.org\/it\/category\/non-categorizzato\/\" rel=\"tag\">Non categorizzato<\/a><\/div>\t\t\t\t\t\n\t\t\n\t\t\t\t\t\t<a class=\"fusion-link-wrapper\" href=\"https:\/\/schmetterling.lindathomas.org\/it\/non-categorizzato\/pulire-e-curare\/\" aria-label=\"Pulire e curare\"><\/a>\n\t<\/div>\n<\/div>\n\n\t\n<\/div>\n<\/li>\n\t\t\t\n\t\t\t\n\t\t\t\t\t\t\t\t\t\t\t\t\t\t\t\t\t\t\t\t\t\t\t\t\t\t\t\t\t\t\t\t\t\t\t\t\t\t\t\t\t\t\t\t\t\t\t\t\t\t\t\t\t\t\t\t\t\t\t\t\t\t\t\t\t\t\t\t<\/ul>\n\t<\/div>\n\t<div class=\"fusion-post-content post-content\"><h2 class=\"blog-shortcode-post-title entry-title\"><a href=\"https:\/\/schmetterling.lindathomas.org\/it\/non-categorizzato\/pulire-e-curare\/\">Pulire e curare<\/a><\/h2><div class=\"fusion-post-content-container\"><p> Pulire e curare Col tempo feci un\u2019importante scoperta. C\u2019\u00e8 una grande differenza tra pulire e curare. Quando puliamo leviamo lo sporco, e il risultato delle pulizie spesso non regge pi\u00f9 di cinque minuti. I corridoi non sono ancora puliti del tutto e gi\u00e0 qualcuno cammina sui pavimenti appena puliti\u2026; \u00e8 appena tornato a splendere il pavimento di casa ed ecco uno dei nostri figli arriva dalla cassetta della sabbia per mostrare qualcosa di importante che ha trovato. Molte persone lo ritengono frustrante. Pulire diventa cos\u00ec il male necessario. Se per\u00f2 cerchiamo di fare questo lavoro con la nostra piena<\/p><\/div><\/div><div class=\"fusion-clearfix\"><\/div><\/article>\n<article id=\"blog-1-post-1125\" class=\"fusion-post-medium post-1125 post type-post status-publish format-standard has-post-thumbnail hentry category-non-categorizzato\">\n\t<style type=\"text\/css\">\n\t\t\n\t\t\n\t\t\n\t\t\n\t\t\t<\/style>\n\n\n\t\t\t<div class=\"fusion-flexslider flexslider fusion-flexslider-loading fusion-post-slideshow\" style=\"\">\n\t\t<ul class=\"slides\">\n\t\t\t\n\t\t\t\t\t\t\t\t\t\t\t\t\t\t<li>\n\n<div  class=\"fusion-image-wrapper fusion-image-size-fixed\" aria-haspopup=\"true\">\n\t\n\t\n\t\n\t\t\n\t\t\t\t\t<img width=\"320\" height=\"202\" src=\"https:\/\/schmetterling.lindathomas.org\/wp-content\/uploads\/2020\/07\/2-1-320x202.png\" class=\"attachment-blog-medium size-blog-medium wp-post-image\" alt=\"\" srcset=\"https:\/\/schmetterling.lindathomas.org\/wp-content\/uploads\/2020\/07\/2-1-320x202.png 320w, https:\/\/schmetterling.lindathomas.org\/wp-content\/uploads\/2020\/07\/2-1-700x441.png 700w\" sizes=\"(max-width: 320px) 100vw, 320px\" \/>\n\t\n\n\t\t<div class=\"fusion-rollover\">\n\t<div class=\"fusion-rollover-content\">\n\n\t\t\t\t\t\t\t\t\t\t\t\t\t\t<a class=\"fusion-rollover-link\" href=\"https:\/\/schmetterling.lindathomas.org\/it\/non-categorizzato\/ordine\/\">Ordine<\/a>\n\t\t\t\n\t\t\t\t\t\t\t\t\t\t\t\t\t\t\n\t\t\t\t\t\t\t\t\n\t\t\t\t\t\t\t\t\t\t\t\t\t<div class=\"fusion-rollover-sep\"><\/div>\n\t\t\t\t\n\t\t\t\t\t\t\t\t\t\t\t\t\t\t\t\t\t\t<a class=\"fusion-rollover-gallery\" href=\"https:\/\/schmetterling.lindathomas.org\/wp-content\/uploads\/2020\/07\/2-1.png\" data-id=\"1125\" data-rel=\"iLightbox[gallery]\" data-title=\"2-1\" data-caption=\"\">\n\t\t\t\t\t\tGallery\t\t\t\t\t<\/a>\n\t\t\t\t\t\t\t\t\t\t\t\t\t\t\n\t\t\n\t\t\t\t\t\t\t\t\t\t\t\t<h4 class=\"fusion-rollover-title\">\n\t\t\t\t\t<a class=\"fusion-rollover-title-link\" href=\"https:\/\/schmetterling.lindathomas.org\/it\/non-categorizzato\/ordine\/\">\n\t\t\t\t\t\tOrdine\t\t\t\t\t<\/a>\n\t\t\t\t<\/h4>\n\t\t\t\n\t\t\t\t\t\t\t\t\t\t<div class=\"fusion-rollover-categories\"><a href=\"https:\/\/schmetterling.lindathomas.org\/it\/category\/non-categorizzato\/\" rel=\"tag\">Non categorizzato<\/a><\/div>\t\t\t\t\t\n\t\t\n\t\t\t\t\t\t<a class=\"fusion-link-wrapper\" href=\"https:\/\/schmetterling.lindathomas.org\/it\/non-categorizzato\/ordine\/\" aria-label=\"Ordine\"><\/a>\n\t<\/div>\n<\/div>\n\n\t\n<\/div>\n<\/li>\n\t\t\t\n\t\t\t\n\t\t\t\t\t\t\t\t\t\t\t\t\t\t\t\t\t\t\t\t\t\t\t\t\t\t\t\t\t\t\t\t\t\t\t\t\t\t\t\t\t\t\t\t\t\t\t\t\t\t\t\t\t\t\t\t\t\t\t\t\t\t\t\t\t\t\t\t<\/ul>\n\t<\/div>\n\t<div class=\"fusion-post-content post-content\"><h2 class=\"blog-shortcode-post-title entry-title\"><a href=\"https:\/\/schmetterling.lindathomas.org\/it\/non-categorizzato\/ordine\/\">Ordine<\/a><\/h2><div class=\"fusion-post-content-container\"><p> Ordine Disordine non \u00e8 caos Da pi\u00f9 di vent\u2019anni tengo conferenze e seminari sul tema \u00abpulire e curare\u00bb. Col tempo mi \u00e8 diventato sempre pi\u00f9 cosciente il fatto che quello che affatica nel pulire, non \u00e8 principalmente il pulire in s\u00e9 per s\u00e9, bens\u00ec il disordine. Senza avere prima riordinato non possiamo di certo pulire! Cos\u2019\u00e8 l\u2019ordine? Come minimo qualcosa che si vuole ardentemente e che per\u00f2 per molti \u00e8 irraggiungibile. Sentiamo un po\u2019 il nostro linguaggio quotidiano: \u00abIl mondo \u00e8 in ordine\u00bb. \u00abTutto ha il suo ordine\u00bb. \u00abOrdine divino\u00bb. \u00abOrdine naturale\u00bb. \u00abOrdine cosmico\u00bb. Oppure: un bambinetto va fiducioso<\/p><\/div><\/div><div class=\"fusion-clearfix\"><\/div><\/article>\n<article id=\"blog-1-post-1113\" class=\"fusion-post-medium post-1113 post type-post status-publish format-standard has-post-thumbnail hentry category-non-categorizzato\">\n\t<style type=\"text\/css\">\n\t\t\n\t\t\n\t\t\n\t\t\n\t\t\t<\/style>\n\n\n\t\t\t<div class=\"fusion-flexslider flexslider fusion-flexslider-loading fusion-post-slideshow\" style=\"\">\n\t\t<ul class=\"slides\">\n\t\t\t\n\t\t\t\t\t\t\t\t\t\t\t\t\t\t<li>\n\n<div  class=\"fusion-image-wrapper fusion-image-size-fixed\" aria-haspopup=\"true\">\n\t\n\t\n\t\n\t\t\n\t\t\t\t\t<img width=\"320\" height=\"202\" src=\"https:\/\/schmetterling.lindathomas.org\/wp-content\/uploads\/2020\/07\/5-320x202.png\" class=\"attachment-blog-medium size-blog-medium wp-post-image\" alt=\"\" srcset=\"https:\/\/schmetterling.lindathomas.org\/wp-content\/uploads\/2020\/07\/5-320x202.png 320w, https:\/\/schmetterling.lindathomas.org\/wp-content\/uploads\/2020\/07\/5-700x441.png 700w\" sizes=\"(max-width: 320px) 100vw, 320px\" \/>\n\t\n\n\t\t<div class=\"fusion-rollover\">\n\t<div class=\"fusion-rollover-content\">\n\n\t\t\t\t\t\t\t\t\t\t\t\t\t\t<a class=\"fusion-rollover-link\" href=\"https:\/\/schmetterling.lindathomas.org\/it\/non-categorizzato\/spiritualita-nella-vita-quotidiana\/\">Spiritualit\u00e0 nella vita quotidiana<\/a>\n\t\t\t\n\t\t\t\t\t\t\t\t\t\t\t\t\t\t\n\t\t\t\t\t\t\t\t\n\t\t\t\t\t\t\t\t\t\t\t\t\t<div class=\"fusion-rollover-sep\"><\/div>\n\t\t\t\t\n\t\t\t\t\t\t\t\t\t\t\t\t\t\t\t\t\t\t<a class=\"fusion-rollover-gallery\" href=\"https:\/\/schmetterling.lindathomas.org\/wp-content\/uploads\/2020\/07\/5.png\" data-id=\"1113\" data-rel=\"iLightbox[gallery]\" data-title=\"5\" data-caption=\"\">\n\t\t\t\t\t\tGallery\t\t\t\t\t<\/a>\n\t\t\t\t\t\t\t\t\t\t\t\t\t\t\n\t\t\n\t\t\t\t\t\t\t\t\t\t\t\t<h4 class=\"fusion-rollover-title\">\n\t\t\t\t\t<a class=\"fusion-rollover-title-link\" href=\"https:\/\/schmetterling.lindathomas.org\/it\/non-categorizzato\/spiritualita-nella-vita-quotidiana\/\">\n\t\t\t\t\t\tSpiritualit\u00e0 nella vita quotidiana\t\t\t\t\t<\/a>\n\t\t\t\t<\/h4>\n\t\t\t\n\t\t\t\t\t\t\t\t\t\t<div class=\"fusion-rollover-categories\"><a href=\"https:\/\/schmetterling.lindathomas.org\/it\/category\/non-categorizzato\/\" rel=\"tag\">Non categorizzato<\/a><\/div>\t\t\t\t\t\n\t\t\n\t\t\t\t\t\t<a class=\"fusion-link-wrapper\" href=\"https:\/\/schmetterling.lindathomas.org\/it\/non-categorizzato\/spiritualita-nella-vita-quotidiana\/\" aria-label=\"Spiritualit\u00e0 nella vita quotidiana\"><\/a>\n\t<\/div>\n<\/div>\n\n\t\n<\/div>\n<\/li>\n\t\t\t\n\t\t\t\n\t\t\t\t\t\t\t\t\t\t\t\t\t\t\t\t\t\t\t\t\t\t\t\t\t\t\t\t\t\t\t\t\t\t\t\t\t\t\t\t\t\t\t\t\t\t\t\t\t\t\t\t\t\t\t\t\t\t\t\t\t\t\t\t\t\t\t\t<\/ul>\n\t<\/div>\n\t<div class=\"fusion-post-content post-content\"><h2 class=\"blog-shortcode-post-title entry-title\"><a href=\"https:\/\/schmetterling.lindathomas.org\/it\/non-categorizzato\/spiritualita-nella-vita-quotidiana\/\">Spiritualit\u00e0 nella vita quotidiana<\/a><\/h2><div class=\"fusion-post-content-container\"><p> Spiritualit\u00e0 nella vita quotidiana Molte persone oggi si allontanano dalla Chiesa, dalla religione. L\u2019elemento religioso, per\u00f2, possiamo sperimentarlo anche indipendentemente dalla Chiesa. Per la famiglia e la societ\u00e0, sarebbe un grande arricchimento imparare di nuovo a individuare la religiosit\u00e0 nella propria attivit\u00e0. Il lavoro di casa, fare le pulizie, potrebbe offrire un\u2019opportunit\u00e0 sufficiente per far diventare un culto il nostro agire \u2013 altrettanto come un pasto pu\u00f2 diventare una comunione, se l\u2019atteggiamento per farlo \u00e8 quello giusto. Possiamo, ad esempio, cercare di crearci un\u2019immagine della provenienza del nostro cibo, di cosa ci voglia per far crescere ad esempio una<\/p><\/div><\/div><div class=\"fusion-clearfix\"><\/div><\/article>\n<\/div><\/div><\/div><style type=\"text\/css\">.fusion-body .fusion-builder-column-0{width:100% !important;margin-top : 0px;margin-bottom : 20px;}.fusion-builder-column-0 > .fusion-column-wrapper {padding-top : 0px !important;padding-right : 0px !important;margin-right : 1.92%;padding-bottom : 0px !important;padding-left : 0px !important;margin-left : 1.92%;}@media only screen and (max-width:1024px) {.fusion-body .fusion-builder-column-0{width:100% !important;}.fusion-builder-column-0 > .fusion-column-wrapper {margin-right : 1.92%;margin-left : 1.92%;}}@media only screen and (max-width:640px) {.fusion-body .fusion-builder-column-0{width:100% !important;}.fusion-builder-column-0 > .fusion-column-wrapper {margin-right : 1.92%;margin-left : 1.92%;}}<\/style><\/div><\/div><style type=\"text\/css\">.fusion-body .fusion-flex-container.fusion-builder-row-1{ padding-top : 0px;margin-top : 0px;padding-right : 0px;padding-bottom : 0px;margin-bottom : 0px;padding-left : 0px;}<\/style><\/div>\n","protected":false},"excerpt":{"rendered":"","protected":false},"author":1,"featured_media":0,"parent":0,"menu_order":0,"comment_status":"closed","ping_status":"closed","template":"","meta":[],"_links":{"self":[{"href":"https:\/\/schmetterling.lindathomas.org\/it\/wp-json\/wp\/v2\/pages\/879"}],"collection":[{"href":"https:\/\/schmetterling.lindathomas.org\/it\/wp-json\/wp\/v2\/pages"}],"about":[{"href":"https:\/\/schmetterling.lindathomas.org\/it\/wp-json\/wp\/v2\/types\/page"}],"author":[{"embeddable":true,"href":"https:\/\/schmetterling.lindathomas.org\/it\/wp-json\/wp\/v2\/users\/1"}],"replies":[{"embeddable":true,"href":"https:\/\/schmetterling.lindathomas.org\/it\/wp-json\/wp\/v2\/comments?post=879"}],"version-history":[{"count":5,"href":"https:\/\/schmetterling.lindathomas.org\/it\/wp-json\/wp\/v2\/pages\/879\/revisions"}],"predecessor-version":[{"id":3764,"href":"https:\/\/schmetterling.lindathomas.org\/it\/wp-json\/wp\/v2\/pages\/879\/revisions\/3764"}],"wp:attachment":[{"href":"https:\/\/schmetterling.lindathomas.org\/it\/wp-json\/wp\/v2\/media?parent=879"}],"curies":[{"name":"wp","href":"https:\/\/api.w.org\/{rel}","templated":true}]}}