{"id":892,"date":"2020-07-16T19:27:43","date_gmt":"2020-07-16T19:27:43","guid":{"rendered":"https:\/\/lindathomas.org\/?page_id=892"},"modified":"2021-06-28T18:33:41","modified_gmt":"2021-06-28T18:33:41","slug":"biografia","status":"publish","type":"page","link":"https:\/\/schmetterling.lindathomas.org\/it\/biografia\/","title":{"rendered":"Biografia"},"content":{"rendered":"<div class=\"fusion-fullwidth fullwidth-box fusion-builder-row-1 fusion-flex-container nonhundred-percent-fullwidth non-hundred-percent-height-scrolling\" style=\"background-color: rgba(255,255,255,0);background-position: center center;background-repeat: no-repeat;border-width: 0px 0px 0px 0px;border-color:#e2e2e2;border-style:solid;\" ><div class=\"fusion-builder-row fusion-row fusion-flex-align-items-flex-start\" style=\"max-width:93.6%;margin-left: calc(-4% \/ 2 );margin-right: calc(-4% \/ 2 );\"><div class=\"fusion-layout-column fusion_builder_column fusion-builder-column-0 fusion_builder_column_1_1 1_1 fusion-flex-column\"><div class=\"fusion-column-wrapper fusion-flex-justify-content-flex-start fusion-content-layout-column\" style=\"background-position:left top;background-repeat:no-repeat;-webkit-background-size:cover;-moz-background-size:cover;-o-background-size:cover;background-size:cover;padding: 0px 0px 0px 0px;\"><div class=\"fusion-text fusion-text-1\"><p>Linda Thomas \u00e8 nata nel 1953 in Sudafrica, dove ha trascorso la sua infanzia e giovinezza insieme ai suoi fratelli e alle sue sorelle.<\/p>\n<p><img class=\"wp-image-748 alignleft\" src=\"https:\/\/lindathomas.org\/wp-content\/uploads\/2020\/07\/IMG_2262-scaled.jpg\" alt=\"\" width=\"418\" height=\"314\" srcset=\"https:\/\/schmetterling.lindathomas.org\/wp-content\/uploads\/2020\/07\/IMG_2262-200x150.jpg 200w, https:\/\/schmetterling.lindathomas.org\/wp-content\/uploads\/2020\/07\/IMG_2262-300x225.jpg 300w, https:\/\/schmetterling.lindathomas.org\/wp-content\/uploads\/2020\/07\/IMG_2262-400x300.jpg 400w, https:\/\/schmetterling.lindathomas.org\/wp-content\/uploads\/2020\/07\/IMG_2262-500x375.jpg 500w, https:\/\/schmetterling.lindathomas.org\/wp-content\/uploads\/2020\/07\/IMG_2262-600x450.jpg 600w, https:\/\/schmetterling.lindathomas.org\/wp-content\/uploads\/2020\/07\/IMG_2262-700x525.jpg 700w, https:\/\/schmetterling.lindathomas.org\/wp-content\/uploads\/2020\/07\/IMG_2262-768x576.jpg 768w, https:\/\/schmetterling.lindathomas.org\/wp-content\/uploads\/2020\/07\/IMG_2262-800x600.jpg 800w, https:\/\/schmetterling.lindathomas.org\/wp-content\/uploads\/2020\/07\/IMG_2262-1024x768.jpg 1024w, https:\/\/schmetterling.lindathomas.org\/wp-content\/uploads\/2020\/07\/IMG_2262-1200x900.jpg 1200w, https:\/\/schmetterling.lindathomas.org\/wp-content\/uploads\/2020\/07\/IMG_2262-1536x1152.jpg 1536w, https:\/\/schmetterling.lindathomas.org\/wp-content\/uploads\/2020\/07\/IMG_2262-scaled.jpg 2560w\" sizes=\"(max-width: 418px) 100vw, 418px\" \/>Dopo la maturit\u00e0 scolastica ha conosciuto il suo primo marito, con il quale nel 1977 si \u00e8 trasferita in Svizzera e da cui ha avuto due figli. Per dare loro la possibilit\u00e0 di frequentare la scuola Steiner-Waldorf Linda ha fondato, nel 1988 ad Arlesheim, un\u2019impresa di pulizie \u201cecologica\u201d, ai tempi unica nel suo genere. Insieme al suo secondo marito ha gestito l\u2019azienda dal 1997 fino al 2009.<\/p>\n<p>Nel 1991 alla sua azienda viene affidata la pulizia dei sanitari\u00a0 del Goetheanum a Dornach, mentre nel gennaio 1993 \u00a0Linda assume la direzione totale del gruppo pulizie dell\u2019intera struttura del Goetheanum,\u00a0 fino a Pasqua del 2012, un\u2019attivit\u00e0 molto intensa\u00a0 durata 21 anni. Nel 2008 per poter curare i corsi per apprendisti acquisisce l\u2019abilitazione di formatrice professionale.<\/p>\n<p>Il suo amore per la cura della casa le ha fatto scoprire nei doveri quotidiani un altro significato. Si \u00e8 aperto davanti a lei un nuovo orizzonte, in cui le mansioni domestiche quotidiane \u00a0hanno assunto un diverso valore e sono diventate anche una professione.<\/p>\n<h4>Linda Thomas inizia il suo percorso spinta da una ricerca interiore: <em>\u201cSe \u00e8 vero che l\u2019essere umano pu\u00f2 in ogni luogo e attraverso ogni attivit\u00e0 agire spiritualmente nel mondo, allora potr\u00e0 farlo \u00a0anche attraverso il\u00a0 lavoro di cura, pulizia e gestione dei propri spazi in casa e nel mondo professionale\u201d.<\/em><\/h4>\n<p>Questa sua ricerca \u00e8 poi proseguita insieme a Manfred Schmidt-Brabant, che ha organizzato conferenze annuali sul tema \u201cprofessione madre di famiglia\u201d \u00a0presso il Goetheanum a Dornach.<\/p>\n<p>Nel 2004 ha dato l\u2019impulso per il 1\u00b0 Congresso della cultura del pulire presso il Goetheanum al quale ne seguono altri due, nel 2006 e nel 2008. Nel 2009 segue il congresso \u201cMovimento nel Facility Management\u201d.<\/p>\n<p>Nel 2011, dopo la pubblicazione del libro: \u201cPulire!? Come passare da una gravosa necessit\u00e0 a una dichiarazione d\u2019amore verso il presente\u201d si intensifica il suo lavoro di consulenza, conferenze e seminari in Svizzera e all\u2019estero. Seguono altre pubblicazioni in inglese \u00a0italiano e cinese.<\/p>\n<p>Nell\u2019aprile del 2012 assume la direzione del reparto di economia domestica della clinica \u201cLukas Klinik\u201d ad Arlesheim (Svizzera). Nel 2014, dopo la fusione con la clinica \u201cIta Wegman\u201d ad Arlesheim, prende la direzione del reparto servizi generali della nuova clinica \u201cKlinik Arlesheim\u201d, come membro dello staff direzionale della clinica. A fine agosto del 2017 va in pensione.<\/p>\n<p><strong>La sua qualificazione nasce dall\u2019esperienza:<\/strong><\/p>\n<ul>\n<li>Fondazione e direzione della sua impresa di pulizie ecologiche.<\/li>\n<li>Esperienza decennale con prodotti ecologici per la pulizia e la cura della casa.<\/li>\n<li>Esperienza decennale nel management dell\u2019economia domestica.<\/li>\n<li>Esperienza decennale nella formazione dei propri dipendenti, impiegati di ospedali e case di cura, assistenti sociali, alunni, seminaristi<\/li>\n<li>Tanti anni di esperienza nell\u2019istruzione di adulti.<\/li>\n<li>Interesse profondo e lavoro con gli elementi e gli esseri elementari.<\/li>\n<\/ul>\n<p><strong>Linda Thomas continua a trasmettere i suoi pensieri ed esperienze attraverso conferenze e convegni in tutto il mondo<\/strong>.<\/p>\n<\/div><\/div><style type=\"text\/css\">.fusion-body .fusion-builder-column-0{width:100% !important;margin-top : 0px;margin-bottom : 20px;}.fusion-builder-column-0 > .fusion-column-wrapper {padding-top : 0px !important;padding-right : 0px !important;margin-right : 1.92%;padding-bottom : 0px !important;padding-left : 0px !important;margin-left : 1.92%;}@media only screen and (max-width:1024px) {.fusion-body .fusion-builder-column-0{width:100% !important;}.fusion-builder-column-0 > .fusion-column-wrapper {margin-right : 1.92%;margin-left : 1.92%;}}@media only screen and (max-width:640px) {.fusion-body .fusion-builder-column-0{width:100% !important;}.fusion-builder-column-0 > .fusion-column-wrapper {margin-right : 1.92%;margin-left : 1.92%;}}<\/style><\/div><\/div><style type=\"text\/css\">.fusion-body .fusion-flex-container.fusion-builder-row-1{ padding-top : 10px;margin-top : 0px;padding-right : 0px;padding-bottom : 0px;margin-bottom : 0px;padding-left : 0px;}<\/style><\/div>\n","protected":false},"excerpt":{"rendered":"","protected":false},"author":1,"featured_media":0,"parent":0,"menu_order":0,"comment_status":"closed","ping_status":"closed","template":"","meta":[],"_links":{"self":[{"href":"https:\/\/schmetterling.lindathomas.org\/it\/wp-json\/wp\/v2\/pages\/892"}],"collection":[{"href":"https:\/\/schmetterling.lindathomas.org\/it\/wp-json\/wp\/v2\/pages"}],"about":[{"href":"https:\/\/schmetterling.lindathomas.org\/it\/wp-json\/wp\/v2\/types\/page"}],"author":[{"embeddable":true,"href":"https:\/\/schmetterling.lindathomas.org\/it\/wp-json\/wp\/v2\/users\/1"}],"replies":[{"embeddable":true,"href":"https:\/\/schmetterling.lindathomas.org\/it\/wp-json\/wp\/v2\/comments?post=892"}],"version-history":[{"count":17,"href":"https:\/\/schmetterling.lindathomas.org\/it\/wp-json\/wp\/v2\/pages\/892\/revisions"}],"predecessor-version":[{"id":4578,"href":"https:\/\/schmetterling.lindathomas.org\/it\/wp-json\/wp\/v2\/pages\/892\/revisions\/4578"}],"wp:attachment":[{"href":"https:\/\/schmetterling.lindathomas.org\/it\/wp-json\/wp\/v2\/media?parent=892"}],"curies":[{"name":"wp","href":"https:\/\/api.w.org\/{rel}","templated":true}]}}